
{"id":64,"date":"2024-10-28T09:38:33","date_gmt":"2024-10-28T12:38:33","guid":{"rendered":"https:\/\/palabrascruzadas.com.ar\/?page_id=64"},"modified":"2025-10-15T12:44:51","modified_gmt":"2025-10-15T15:44:51","slug":"inicio-2","status":"publish","type":"page","link":"https:\/\/palabrascruzadas.com.ar\/","title":{"rendered":"Inicio"},"content":{"rendered":"<section class=\"brando-row-1\"><div class=\"container\"><div class=\"row\"><div class=\"wpb_column brando-column-container brando-column-1 vc_col-sm-12 col-xs-mobile-fullwidth\" data-front-class=\"brando-column-container brando-column-1 col-xs-mobile-fullwidth\"><div class=\"vc-column-innner-wrapper\"><div class=\"wpd-innner-wrapper\">[vc_single_image image=\"29\" img_size=\"large\" alignment=\"center\" css=\"\"]<div class=\"blog-3-column\"><div class=\"post-570 post type-post status-publish format-standard has-post-thumbnail hentry category-general\"><div class=\"blog-post-style7 col-md-4 col-sm-6 col-xs-12 margin-four-bottom xs-margin-seven-bottom margin-seven-bottom brando-blog-1\"><div class=\"post-thumbnail overflow-hidden\"><div class=\"blog-image\"><a href=\"https:\/\/palabrascruzadas.com.ar\/?p=570\"><img loading=\"lazy\" decoding=\"async\" width=\"747\" height=\"427\" src=\"https:\/\/palabrascruzadas.com.ar\/wp-content\/uploads\/2025\/09\/Moa.jpeg\" class=\"attachment-full size-full wp-post-image\" alt=\"\" srcset=\"https:\/\/palabrascruzadas.com.ar\/wp-content\/uploads\/2025\/09\/Moa.jpeg 747w, https:\/\/palabrascruzadas.com.ar\/wp-content\/uploads\/2025\/09\/Moa-300x171.jpeg 300w, https:\/\/palabrascruzadas.com.ar\/wp-content\/uploads\/2025\/09\/Moa-420x240.jpeg 420w\" sizes=\"(max-width: 747px) 100vw, 747px\" \/><\/a><\/div><\/div><div class=\"post-details margin-eight-top\"><span class=\"text-large text-uppercase display-block alt-font margin-four-bottom sm-text-medium xs-text-medium alt-font font-weight-700 \"><a href=\"https:\/\/palabrascruzadas.com.ar\/?p=570\" class=\"dark-gray-text entry-title\">Nuevo archivo para preservar la historia y digitalizaci\u00f3n de joyas del patrimonio escult\u00f3rico de la Ciudad<\/a><\/span><\/div><\/div><\/div><div class=\"post-628 post type-post status-publish format-standard has-post-thumbnail hentry category-general tag-clara-muzzio tag-gabriel-sanchez-zinny tag-jorge-macri\"><div class=\"blog-post-style7 col-md-4 col-sm-6 col-xs-12 margin-four-bottom xs-margin-seven-bottom margin-seven-bottom brando-blog-1\"><div class=\"post-thumbnail overflow-hidden\"><div class=\"blog-image\"><a href=\"https:\/\/palabrascruzadas.com.ar\/?p=628\"><img loading=\"lazy\" decoding=\"async\" width=\"1280\" height=\"851\" src=\"https:\/\/palabrascruzadas.com.ar\/wp-content\/uploads\/2025\/11\/Moa.jpeg\" class=\"attachment-full size-full wp-post-image\" alt=\"\" srcset=\"https:\/\/palabrascruzadas.com.ar\/wp-content\/uploads\/2025\/11\/Moa.jpeg 1280w, https:\/\/palabrascruzadas.com.ar\/wp-content\/uploads\/2025\/11\/Moa-300x199.jpeg 300w, https:\/\/palabrascruzadas.com.ar\/wp-content\/uploads\/2025\/11\/Moa-1024x681.jpeg 1024w, https:\/\/palabrascruzadas.com.ar\/wp-content\/uploads\/2025\/11\/Moa-768x511.jpeg 768w, https:\/\/palabrascruzadas.com.ar\/wp-content\/uploads\/2025\/11\/Moa-420x279.jpeg 420w, https:\/\/palabrascruzadas.com.ar\/wp-content\/uploads\/2025\/11\/Moa-1053x700.jpeg 1053w\" sizes=\"(max-width: 1280px) 100vw, 1280px\" \/><\/a><\/div><\/div><div class=\"post-details margin-eight-top\"><span class=\"text-large text-uppercase display-block alt-font margin-four-bottom sm-text-medium xs-text-medium alt-font font-weight-700 \"><a href=\"https:\/\/palabrascruzadas.com.ar\/?p=628\" class=\"dark-gray-text entry-title\">Una fiesta del arte en la reapertura de los Monumentos y Obras de Arte<\/a><\/span><\/div><\/div><\/div><div class=\"post-623 post type-post status-publish format-standard has-post-thumbnail hentry category-general tag-jorge-macri tag-tecweek\"><div class=\"blog-post-style7 col-md-4 col-sm-6 col-xs-12 margin-four-bottom xs-margin-seven-bottom margin-seven-bottom brando-blog-1\"><div class=\"post-thumbnail overflow-hidden\"><div class=\"blog-image\"><a href=\"https:\/\/palabrascruzadas.com.ar\/?p=623\"><img loading=\"lazy\" decoding=\"async\" width=\"1600\" height=\"1067\" src=\"https:\/\/palabrascruzadas.com.ar\/wp-content\/uploads\/2025\/11\/Foto.jpeg\" class=\"attachment-full size-full wp-post-image\" alt=\"\" srcset=\"https:\/\/palabrascruzadas.com.ar\/wp-content\/uploads\/2025\/11\/Foto.jpeg 1600w, https:\/\/palabrascruzadas.com.ar\/wp-content\/uploads\/2025\/11\/Foto-300x200.jpeg 300w, https:\/\/palabrascruzadas.com.ar\/wp-content\/uploads\/2025\/11\/Foto-1024x683.jpeg 1024w, https:\/\/palabrascruzadas.com.ar\/wp-content\/uploads\/2025\/11\/Foto-768x512.jpeg 768w, https:\/\/palabrascruzadas.com.ar\/wp-content\/uploads\/2025\/11\/Foto-1536x1024.jpeg 1536w, https:\/\/palabrascruzadas.com.ar\/wp-content\/uploads\/2025\/11\/Foto-420x280.jpeg 420w, https:\/\/palabrascruzadas.com.ar\/wp-content\/uploads\/2025\/11\/Foto-1050x700.jpeg 1050w\" sizes=\"(max-width: 1600px) 100vw, 1600px\" \/><\/a><\/div><\/div><div class=\"post-details margin-eight-top\"><span class=\"text-large text-uppercase display-block alt-font margin-four-bottom sm-text-medium xs-text-medium alt-font font-weight-700 \"><a href=\"https:\/\/palabrascruzadas.com.ar\/?p=623\" class=\"dark-gray-text entry-title\">Vuelve Tecweek<\/a><\/span><\/div><\/div><\/div><div class=\"post-619 post type-post status-publish format-standard hentry category-general\"><div class=\"blog-post-style7 col-md-4 col-sm-6 col-xs-12 margin-four-bottom xs-margin-seven-bottom margin-seven-bottom brando-blog-1\"><div class=\"post-thumbnail overflow-hidden\"><div class=\"blog-image\"><a href=\"https:\/\/palabrascruzadas.com.ar\/?p=619\"><\/a><\/div><\/div><div class=\"post-details margin-eight-top\"><span class=\"text-large text-uppercase display-block alt-font margin-four-bottom sm-text-medium xs-text-medium alt-font font-weight-700 \"><a href=\"https:\/\/palabrascruzadas.com.ar\/?p=619\" class=\"dark-gray-text entry-title\">\u00bfA qui\u00e9nes est\u00e1 dirigida la Colonia de Deportes del Gobierno de la Ciudad?<\/a><\/span><\/div><\/div><\/div><div class=\"post-614 post type-post status-publish format-standard has-post-thumbnail hentry category-general tag-jorge-macri\"><div class=\"blog-post-style7 col-md-4 col-sm-6 col-xs-12 margin-four-bottom xs-margin-seven-bottom margin-seven-bottom brando-blog-1\"><div class=\"post-thumbnail overflow-hidden\"><div class=\"blog-image\"><a href=\"https:\/\/palabrascruzadas.com.ar\/?p=614\"><img loading=\"lazy\" decoding=\"async\" width=\"747\" height=\"427\" src=\"https:\/\/palabrascruzadas.com.ar\/wp-content\/uploads\/2025\/11\/Alcalde.jpeg\" class=\"attachment-full size-full wp-post-image\" alt=\"\" srcset=\"https:\/\/palabrascruzadas.com.ar\/wp-content\/uploads\/2025\/11\/Alcalde.jpeg 747w, https:\/\/palabrascruzadas.com.ar\/wp-content\/uploads\/2025\/11\/Alcalde-300x171.jpeg 300w, https:\/\/palabrascruzadas.com.ar\/wp-content\/uploads\/2025\/11\/Alcalde-420x240.jpeg 420w\" sizes=\"(max-width: 747px) 100vw, 747px\" \/><\/a><\/div><\/div><div class=\"post-details margin-eight-top\"><span class=\"text-large text-uppercase display-block alt-font margin-four-bottom sm-text-medium xs-text-medium alt-font font-weight-700 \"><a href=\"https:\/\/palabrascruzadas.com.ar\/?p=614\" class=\"dark-gray-text entry-title\">Buenos Aires recibe al Alcalde de Madrid<\/a><\/span><\/div><\/div><\/div><div class=\"post-607 post type-post status-publish format-standard has-post-thumbnail hentry category-general tag-discapacidad\"><div class=\"blog-post-style7 col-md-4 col-sm-6 col-xs-12 margin-four-bottom xs-margin-seven-bottom margin-seven-bottom brando-blog-1\"><div class=\"post-thumbnail overflow-hidden\"><div class=\"blog-image\"><a href=\"https:\/\/palabrascruzadas.com.ar\/?p=607\"><img loading=\"lazy\" decoding=\"async\" width=\"1280\" height=\"853\" src=\"https:\/\/palabrascruzadas.com.ar\/wp-content\/uploads\/2025\/10\/Discapacidad.png\" class=\"attachment-full size-full wp-post-image\" alt=\"\" srcset=\"https:\/\/palabrascruzadas.com.ar\/wp-content\/uploads\/2025\/10\/Discapacidad.png 1280w, https:\/\/palabrascruzadas.com.ar\/wp-content\/uploads\/2025\/10\/Discapacidad-300x200.png 300w, https:\/\/palabrascruzadas.com.ar\/wp-content\/uploads\/2025\/10\/Discapacidad-1024x682.png 1024w, https:\/\/palabrascruzadas.com.ar\/wp-content\/uploads\/2025\/10\/Discapacidad-768x512.png 768w, https:\/\/palabrascruzadas.com.ar\/wp-content\/uploads\/2025\/10\/Discapacidad-420x280.png 420w, https:\/\/palabrascruzadas.com.ar\/wp-content\/uploads\/2025\/10\/Discapacidad-1050x700.png 1050w\" sizes=\"(max-width: 1280px) 100vw, 1280px\" \/><\/a><\/div><\/div><div class=\"post-details margin-eight-top\"><span class=\"text-large text-uppercase display-block alt-font margin-four-bottom sm-text-medium xs-text-medium alt-font font-weight-700 \"><a href=\"https:\/\/palabrascruzadas.com.ar\/?p=607\" class=\"dark-gray-text entry-title\">La Ciudad ampl\u00eda el apoyo econ\u00f3mico a instituciones que acompa\u00f1an a personas con discapacidad<\/a><\/span><\/div><\/div><\/div><\/div>[vc_separator color=\"custom\" css=\"\" accent_color=\"#CC0033\"]<div class=\"blog-4-column\"><div class=\"post-568 post type-post status-publish format-standard hentry category-dix\"><div class=\"blog-post-style7 col-md-3 col-sm-6 col-xs-12 margin-four-bottom xs-margin-seven-bottom margin-seven-bottom brando-blog-2\"><div class=\"post-details margin-eight-top\"><span class=\"text-large text-uppercase display-block alt-font margin-four-bottom sm-text-medium xs-text-medium alt-font font-weight-700 \"><a href=\"https:\/\/palabrascruzadas.com.ar\/?p=568\" class=\"dark-gray-text entry-title\">Eel chatbot que responde a las consultas de los porte\u00f1os desde WhatsApp<\/a><\/span><p class=\"margin-seven-bottom xs-margin-five-bottom entry-content\">Por su experiencia con Boti, el chatbot que desde 2019 responde a las consultas de...<\/p><\/div><\/div><\/div><div class=\"post-626 post type-post status-publish format-standard hentry category-dix tag-tecweek\"><div class=\"blog-post-style7 col-md-3 col-sm-6 col-xs-12 margin-four-bottom xs-margin-seven-bottom margin-seven-bottom brando-blog-2\"><div class=\"post-details margin-eight-top\"><span class=\"text-large text-uppercase display-block alt-font margin-four-bottom sm-text-medium xs-text-medium alt-font font-weight-700 \"><a href=\"https:\/\/palabrascruzadas.com.ar\/?p=626\" class=\"dark-gray-text entry-title\">Principales eventos de Tecweek<\/a><\/span><p class=\"margin-seven-bottom xs-margin-five-bottom entry-content\">Tecweek contar\u00e1 tambi\u00e9n con eventos abiertos con inscripci\u00f3n previa: Tecweek Joven, para potenciar el talento...<\/p><\/div><\/div><\/div><div class=\"post-621 post type-post status-publish format-standard hentry category-dix\"><div class=\"blog-post-style7 col-md-3 col-sm-6 col-xs-12 margin-four-bottom xs-margin-seven-bottom margin-seven-bottom brando-blog-2\"><div class=\"post-details margin-eight-top\"><span class=\"text-large text-uppercase display-block alt-font margin-four-bottom sm-text-medium xs-text-medium alt-font font-weight-700 \"><a href=\"https:\/\/palabrascruzadas.com.ar\/?p=621\" class=\"dark-gray-text entry-title\">Colonia para personas con discapacidad<\/a><\/span><p class=\"margin-seven-bottom xs-margin-five-bottom entry-content\">Las Colonias Deportivas de la Ciudad de Buenos Aires ofrecen un espacio recreativo y deportivo...<\/p><\/div><\/div><\/div><div class=\"post-617 post type-post status-publish format-standard hentry category-dix\"><div class=\"blog-post-style7 col-md-3 col-sm-6 col-xs-12 margin-four-bottom xs-margin-seven-bottom margin-seven-bottom brando-blog-2\"><div class=\"post-details margin-eight-top\"><span class=\"text-large text-uppercase display-block alt-font margin-four-bottom sm-text-medium xs-text-medium alt-font font-weight-700 \"><a href=\"https:\/\/palabrascruzadas.com.ar\/?p=617\" class=\"dark-gray-text entry-title\">\u00bfCu\u00e1les son los polideportivos donde se har\u00e1n las colonias?<\/a><\/span><p class=\"margin-seven-bottom xs-margin-five-bottom entry-content\">Son gratuitas, funcionan en 14 sedes de la Ciudad y brindan tres comidas para los...<\/p><\/div><\/div><\/div><\/div><\/div><\/div><\/div><\/div><\/div><\/section><section class=\"brando-row-2\" style=\"min-height:120;\"><div class=\"container\"><div class=\"row\"><div class=\"wpb_column brando-column-container brando-column-2 vc_col-sm-12 col-xs-mobile-fullwidth\" data-front-class=\"brando-column-container brando-column-2 col-xs-mobile-fullwidth\"><div class=\"vc-column-innner-wrapper\"><div class=\"wpd-innner-wrapper\"><a href=\"https:\/\/buenosaires.gob.ar\/Movilidad\" target=\"_blank\"><img loading=\"lazy\" decoding=\"async\" width=\"1200\" height=\"90\" src=\"https:\/\/palabrascruzadas.com.ar\/wp-content\/uploads\/2025\/10\/Caba.jpg\" class=\"brando-image-1\" alt=\"\" style=\"\" id=\"\" srcset=\"https:\/\/palabrascruzadas.com.ar\/wp-content\/uploads\/2025\/10\/Caba.jpg 1200w, https:\/\/palabrascruzadas.com.ar\/wp-content\/uploads\/2025\/10\/Caba-300x23.jpg 300w, https:\/\/palabrascruzadas.com.ar\/wp-content\/uploads\/2025\/10\/Caba-1024x77.jpg 1024w, https:\/\/palabrascruzadas.com.ar\/wp-content\/uploads\/2025\/10\/Caba-768x58.jpg 768w, https:\/\/palabrascruzadas.com.ar\/wp-content\/uploads\/2025\/10\/Caba-420x32.jpg 420w\" sizes=\"(max-width: 1200px) 100vw, 1200px\" \/><\/a><\/div><\/div><\/div><\/div><\/div><\/section><section class=\"brando-row-3\"><div class=\"container\"><div class=\"row\"><div class=\"wpb_column brando-column-container brando-column-3 vc_col-sm-4 col-xs-mobile-fullwidth\" data-front-class=\"brando-column-container brando-column-3 col-xs-mobile-fullwidth\"><div class=\"vc-column-innner-wrapper\"><div class=\"wpd-innner-wrapper\"><img loading=\"lazy\" decoding=\"async\" width=\"1080\" height=\"780\" src=\"https:\/\/palabrascruzadas.com.ar\/wp-content\/uploads\/2024\/10\/Lanus.jpg\" class=\"brando-image-2\" alt=\"\" style=\"\" id=\"\" srcset=\"https:\/\/palabrascruzadas.com.ar\/wp-content\/uploads\/2024\/10\/Lanus.jpg 1080w, https:\/\/palabrascruzadas.com.ar\/wp-content\/uploads\/2024\/10\/Lanus-300x217.jpg 300w, https:\/\/palabrascruzadas.com.ar\/wp-content\/uploads\/2024\/10\/Lanus-1024x740.jpg 1024w, https:\/\/palabrascruzadas.com.ar\/wp-content\/uploads\/2024\/10\/Lanus-768x555.jpg 768w, https:\/\/palabrascruzadas.com.ar\/wp-content\/uploads\/2024\/10\/Lanus-450x325.jpg 450w, https:\/\/palabrascruzadas.com.ar\/wp-content\/uploads\/2024\/10\/Lanus-780x563.jpg 780w\" sizes=\"(max-width: 1080px) 100vw, 1080px\" \/><\/div><\/div><\/div><div class=\"wpb_column brando-column-container brando-column-4 vc_col-sm-4 col-xs-mobile-fullwidth\" data-front-class=\"brando-column-container brando-column-4 col-xs-mobile-fullwidth\"><div class=\"vc-column-innner-wrapper\"><div class=\"wpd-innner-wrapper\"><img loading=\"lazy\" decoding=\"async\" width=\"1080\" height=\"780\" src=\"https:\/\/palabrascruzadas.com.ar\/wp-content\/uploads\/2024\/10\/Escobar.jpg\" class=\"brando-image-3\" alt=\"\" style=\"\" id=\"\" srcset=\"https:\/\/palabrascruzadas.com.ar\/wp-content\/uploads\/2024\/10\/Escobar.jpg 1080w, https:\/\/palabrascruzadas.com.ar\/wp-content\/uploads\/2024\/10\/Escobar-300x217.jpg 300w, https:\/\/palabrascruzadas.com.ar\/wp-content\/uploads\/2024\/10\/Escobar-1024x740.jpg 1024w, https:\/\/palabrascruzadas.com.ar\/wp-content\/uploads\/2024\/10\/Escobar-768x555.jpg 768w, https:\/\/palabrascruzadas.com.ar\/wp-content\/uploads\/2024\/10\/Escobar-450x325.jpg 450w, https:\/\/palabrascruzadas.com.ar\/wp-content\/uploads\/2024\/10\/Escobar-780x563.jpg 780w\" sizes=\"(max-width: 1080px) 100vw, 1080px\" \/><\/div><\/div><\/div><div class=\"wpb_column brando-column-container brando-column-5 vc_col-sm-4 col-xs-mobile-fullwidth\" data-front-class=\"brando-column-container brando-column-5 col-xs-mobile-fullwidth\"><div class=\"vc-column-innner-wrapper\"><div class=\"wpd-innner-wrapper\"><img loading=\"lazy\" decoding=\"async\" width=\"1080\" height=\"780\" src=\"https:\/\/palabrascruzadas.com.ar\/wp-content\/uploads\/2024\/10\/Sanmartin.jpg\" class=\"brando-image-4\" alt=\"\" style=\"\" id=\"\" srcset=\"https:\/\/palabrascruzadas.com.ar\/wp-content\/uploads\/2024\/10\/Sanmartin.jpg 1080w, https:\/\/palabrascruzadas.com.ar\/wp-content\/uploads\/2024\/10\/Sanmartin-300x217.jpg 300w, https:\/\/palabrascruzadas.com.ar\/wp-content\/uploads\/2024\/10\/Sanmartin-1024x740.jpg 1024w, https:\/\/palabrascruzadas.com.ar\/wp-content\/uploads\/2024\/10\/Sanmartin-768x555.jpg 768w, https:\/\/palabrascruzadas.com.ar\/wp-content\/uploads\/2024\/10\/Sanmartin-450x325.jpg 450w, https:\/\/palabrascruzadas.com.ar\/wp-content\/uploads\/2024\/10\/Sanmartin-780x563.jpg 780w\" sizes=\"(max-width: 1080px) 100vw, 1080px\" \/><\/div><\/div><\/div><\/div><\/div><\/section>","protected":false},"excerpt":{"rendered":"<p>Son gratuitas, funcionan en 14 sedes de la Ciudad y brindan tres comidas para los chicos: desayuno, almuerzo y merienda. Parque Manuel Belgrano: Salguero 3450 Parque Sarmiento: Av. R. Balb\u00edn 4750 Polideportivo Colegiales: Freire 234 Polideportivo Costa Rica: Constituyentes y Chorroar\u00edn Polideportivo Chacabuco: Av. Eva Per\u00f3n 1410 Polideportivo Avellaneda: Lacarra 1257 Polideportivo Pomar: Mercedes 1300 [&hellip;]<\/p>\n","protected":false},"author":1,"featured_media":0,"parent":0,"menu_order":0,"comment_status":"closed","ping_status":"closed","template":"","meta":{"footnotes":""},"class_list":["post-64","page","type-page","status-publish","hentry"],"_links":{"self":[{"href":"https:\/\/palabrascruzadas.com.ar\/index.php?rest_route=\/wp\/v2\/pages\/64"}],"collection":[{"href":"https:\/\/palabrascruzadas.com.ar\/index.php?rest_route=\/wp\/v2\/pages"}],"about":[{"href":"https:\/\/palabrascruzadas.com.ar\/index.php?rest_route=\/wp\/v2\/types\/page"}],"author":[{"embeddable":true,"href":"https:\/\/palabrascruzadas.com.ar\/index.php?rest_route=\/wp\/v2\/users\/1"}],"replies":[{"embeddable":true,"href":"https:\/\/palabrascruzadas.com.ar\/index.php?rest_route=%2Fwp%2Fv2%2Fcomments&post=64"}],"version-history":[{"count":46,"href":"https:\/\/palabrascruzadas.com.ar\/index.php?rest_route=\/wp\/v2\/pages\/64\/revisions"}],"predecessor-version":[{"id":584,"href":"https:\/\/palabrascruzadas.com.ar\/index.php?rest_route=\/wp\/v2\/pages\/64\/revisions\/584"}],"wp:attachment":[{"href":"https:\/\/palabrascruzadas.com.ar\/index.php?rest_route=%2Fwp%2Fv2%2Fmedia&parent=64"}],"curies":[{"name":"wp","href":"https:\/\/api.w.org\/{rel}","templated":true}]}}